{"id":131,"date":"2026-01-16T10:35:05","date_gmt":"2026-01-16T13:35:05","guid":{"rendered":"https:\/\/niteroi.rj.gov.br\/matriculas\/?page_id=131"},"modified":"2026-01-16T10:50:49","modified_gmt":"2026-01-16T13:50:49","slug":"escola-parceira","status":"publish","type":"page","link":"https:\/\/niteroi.rj.gov.br\/matriculas\/escola-parceira\/","title":{"rendered":"Escola Parceira"},"content":{"rendered":"<p>[et_pb_section fb_built=&#8221;1&#8243; _builder_version=&#8221;4.24.3&#8243; _module_preset=&#8221;default&#8221; global_colors_info=&#8221;{}&#8221;][et_pb_row _builder_version=&#8221;4.24.3&#8243; _module_preset=&#8221;default&#8221; global_colors_info=&#8221;{}&#8221;][et_pb_column type=&#8221;4_4&#8243; _builder_version=&#8221;4.24.3&#8243; _module_preset=&#8221;default&#8221; global_colors_info=&#8221;{}&#8221;][et_pb_text _builder_version=&#8221;4.24.3&#8243; _module_preset=&#8221;default&#8221; text_font_size=&#8221;16px&#8221; header_font=&#8221;boobyjones|||on|||||&#8221; header_text_color=&#8221;#ed7404&#8243; header_font_size=&#8221;2em&#8221; hover_enabled=&#8221;0&#8243; global_colors_info=&#8221;{}&#8221; sticky_enabled=&#8221;0&#8243;]<\/p>\n<h1>programa municipal escola parceira<\/h1>\n<p>[\/et_pb_text][et_pb_text _builder_version=&#8221;4.24.3&#8243; _module_preset=&#8221;default&#8221; header_3_font=&#8221;Poppins||||||||&#8221; header_3_text_color=&#8221;#000000&#8243; global_colors_info=&#8221;{}&#8221;]Confira as unidades credenciadas no Programa Escola Parceira 2026, que oferece vagas gratuitas em escolas particulares, custeadas pela Prefeitura de Niter\u00f3i:[\/et_pb_text][et_pb_text _builder_version=&#8221;4.24.3&#8243; _module_preset=&#8221;default&#8221; header_3_font=&#8221;boobyjones||||||||&#8221; header_3_text_color=&#8221;#ED7404&#8243; global_colors_info=&#8221;{}&#8221;]<\/p>\n<h3>CRECHE ESCOLA CASA DA MINHA INF\u00c2NCIA<\/h3>\n<p>TRAVESSA S\u00c3O FELICIANO, 34, FONSECA<\/p>\n<h3>CENTRO EDUCACIONAL RECREARTE<\/h3>\n<p>ALAMEDA S\u00c3O BOAVETURA, 1057, FONSECA<\/p>\n<h3>JARDIM ESCOLA PIRATININGA<\/h3>\n<p>RUA PROF. SILVIO PIRES DE MELO, LT 6, QD 504, PIRATININGA<\/p>\n<h3>CENTRO DE ENSINO MARAVISTA<\/h3>\n<p>RUA ADALGISA MONTEIRO, 100, ITAIPU<\/p>\n<h3>JARDIM INF\u00c2NCIA PEDACINHO DO SABER<\/h3>\n<p>ESTRADA DR MELCHIADES PEIXOTO S\/N, QD 2, LT 10, BALDEADOR<\/p>\n<h3>O FLORESTINHA<\/h3>\n<p>RUA NORONHA TORREZ\u00c3O, 87, SANTA ROSA<\/p>\n<h3>ESCOLA ASPEN<\/h3>\n<p>RUA JOS\u00c9 MOCARZEL, 277, SERRA GRANDE<\/p>\n<h3>COL\u00c9GIO CASTELO DO SABER<\/h3>\n<p>TRAVESSA ESTADO DE ISRAEL, 7, ICARAI<\/p>\n<h3>INSTITUTO S\u00c3O BENTO DE NITER\u00d3I<\/h3>\n<p>RUA VEREADOR DUQUE ESTRADA, 28. SANTA ROSA<\/p>\n<h3>JARDIM ESCOLA MEU PEQUENO MUNDO<\/h3>\n<p>RUA SENADOR NABUCO, 21, CENTRO<\/p>\n<h3>ESPA\u00c7O EDUCATIVO PEQUENOS PASSOS<\/h3>\n<p>RUA GUILHERMINA BASTOS, 46, BADU<\/p>\n<h3>CENTRO EDUCACIONAL SANTA HELENA<\/h3>\n<p>RUA MARTINS TORRES, 80, SANTA ROSA<\/p>\n<h3>ESCOLINHA DA TURMA DO MICKEY<\/h3>\n<p>RUA JORNALISTA SARDO FILHO, 188, ILHA DA CONCEI\u00c7\u00c3O<\/p>\n<h3>R.C.S. MARQUES DE OLIVEIRA<\/h3>\n<p>TRAVESSA CALDAS, 954, CARAMUJO<\/p>\n<h3>CURSO SARAMAGO<\/h3>\n<p>RUA AIROSA GALV\u00c3O, 119. FONSECA<\/p>\n<h3>ENSINO INFANTIL RECRIAN\u00c7A<\/h3>\n<p>ESTRADA DO SAP\u00ca, 495, SAP\u00ca<\/p>\n<h3>INSTITUTO NOGUEIRA BARROS<\/h3>\n<p>RUA JORNALISTA SERGIO PORTO, 78, SANTA BARB\u00c1RA<\/p>\n<h3>ESCOLA \u00c2NCORA<\/h3>\n<p>RUA SANTO EDUARDO, 63, ITAIPU<\/p>\n<h3>CRECHE ESCOLA CANTINHO DA ALEGRIA<\/h3>\n<p>RUA DR CORNELIO DE MELLO JUNIOR, 345, PIRATININGA<\/p>\n<h3>CRECHE ESCOLA NOSSA INF\u00c2NCIA<\/h3>\n<p>RUA DR. SOUZA DIAS, 78, VITAL BRAZIL<\/p>\n<h3>COL\u00c9GIO CENECISTA J\u00daLIO CESAR SOUZA BALTHAREJO<\/h3>\n<p>ESTRADA FRANCISCO DA CRUZ NUNES, 7245. ITAIPU<\/p>\n<h3>CRECHE LE PETIT 292<\/h3>\n<p>RUA CINCO DE JULHO, 292, ICARAI<\/p>\n<h3>CRECHE LE PETIT<\/h3>\n<p>RUA ALVARES DE AZEVEDO, 249, ICARAI<\/p>\n<h3>CURSO NOSSA SENHORA DA CONCEI\u00c7\u00c3O<\/h3>\n<p>RUA MAJOR PARDAL JUNIOR, N\u00ba 26, FONSECA<\/p>\n<h3>PLANETA BABY<\/h3>\n<p>RUA MAGN\u00d3LIA BRASIL, 07, FONSECA<\/p>\n<h3>CENTRO DE ENSINO REGI\u00c3O OCE\u00c2NICA<\/h3>\n<p>RUA DAS AROEIRAS, 12, ENGENHO DO MATO<\/p>\n<h3>DESCOBRIR CRECHE E RECREA\u00c7\u00c3O<\/h3>\n<p>ESTRADA FRANCISCO DA CRUZ NUNES, 6477, ITAIPU<\/p>\n<h3>PASSO A PASSO CRECHE ESCOLA<\/h3>\n<p>RUA FAGUNDES VARELA, 263. INGA<\/p>\n<h3>PRIMEIROS PASSOS CAMINHADA<\/h3>\n<p>AVENIDA RUI BARBOSA, 540, SAO FRANCISCO<\/p>\n<h3>ESCOLA LAGOA AZUL<\/h3>\n<p>RUA JOS\u00c9 JOAQUIM PEREIRA CALDAS, 227, PIRATININGA<\/p>\n<h3>CENTRO MODERNO DE ENSINO<\/h3>\n<p>RUA MEM DE S\u00c1, 71 E 65, ICARA\u00cd<\/p>\n<h3>GRUPO ATTRIUM DE ENSINO<\/h3>\n<p>RUA MAESTRO JOS\u00c9 BOTELHO, 14, VITAL BRAZIL<\/p>\n<h3>CRECHE ESCOLA ANNA PIMENTINHA<\/h3>\n<p>AVENIDA PRESIDENTE ROOSEVELT, 1027, S\u00c3O FRANCISCO<\/p>\n<h3>INSTITUTO ALMEIDA DE EDUCA\u00c7\u00c3O<\/h3>\n<p>AVENIDA DOUTOR RAUL DE OLIVEIRA RODRIGUES, LT 12 QD 95, CAFUB\u00c1<\/p>\n<h3>COL\u00c9GIO E CURSO ZEROHUM &#8211; UNIDADE ITAIPU<\/h3>\n<p>AVENIDA FREI FABIANO, 155, ITAIPU<\/p>\n<h3>COL\u00c9GIO E CURSO ZEROHUM -UNIDADE NITER\u00d3I<\/h3>\n<p>AVENIDA VISCONDE DO RIO BRANCO, 701, CENTRO<\/p>\n<p>[\/et_pb_text][\/et_pb_column][\/et_pb_row][\/et_pb_section]<\/p>\n","protected":false},"excerpt":{"rendered":"<p>programa municipal escola parceiraConfira as unidades credenciadas no Programa Escola Parceira 2026, que oferece vagas gratuitas em escolas particulares, custeadas pela Prefeitura de Niter\u00f3i:CRECHE ESCOLA CASA DA MINHA INF\u00c2NCIA TRAVESSA S\u00c3O FELICIANO, 34, FONSECA CENTRO EDUCACIONAL RECREARTE ALAMEDA S\u00c3O BOAVETURA, 1057, FONSECA JARDIM ESCOLA PIRATININGA RUA PROF. SILVIO PIRES DE MELO, LT 6, QD 504, [&hellip;]<\/p>\n","protected":false},"author":1,"featured_media":0,"parent":0,"menu_order":0,"comment_status":"closed","ping_status":"closed","template":"","meta":{"_et_pb_use_builder":"on","_et_pb_old_content":"","_et_gb_content_width":"","footnotes":""},"class_list":["post-131","page","type-page","status-publish","hentry"],"_links":{"self":[{"href":"https:\/\/niteroi.rj.gov.br\/matriculas\/wp-json\/wp\/v2\/pages\/131","targetHints":{"allow":["GET"]}}],"collection":[{"href":"https:\/\/niteroi.rj.gov.br\/matriculas\/wp-json\/wp\/v2\/pages"}],"about":[{"href":"https:\/\/niteroi.rj.gov.br\/matriculas\/wp-json\/wp\/v2\/types\/page"}],"author":[{"embeddable":true,"href":"https:\/\/niteroi.rj.gov.br\/matriculas\/wp-json\/wp\/v2\/users\/1"}],"replies":[{"embeddable":true,"href":"https:\/\/niteroi.rj.gov.br\/matriculas\/wp-json\/wp\/v2\/comments?post=131"}],"version-history":[{"count":4,"href":"https:\/\/niteroi.rj.gov.br\/matriculas\/wp-json\/wp\/v2\/pages\/131\/revisions"}],"predecessor-version":[{"id":139,"href":"https:\/\/niteroi.rj.gov.br\/matriculas\/wp-json\/wp\/v2\/pages\/131\/revisions\/139"}],"wp:attachment":[{"href":"https:\/\/niteroi.rj.gov.br\/matriculas\/wp-json\/wp\/v2\/media?parent=131"}],"curies":[{"name":"wp","href":"https:\/\/api.w.org\/{rel}","templated":true}]}}