{"id":32,"date":"2025-10-20T10:33:55","date_gmt":"2025-10-20T13:33:55","guid":{"rendered":"http:\/\/niteroi.rj.gov.br\/matriculas\/?page_id=32"},"modified":"2025-11-21T11:48:30","modified_gmt":"2025-11-21T14:48:30","slug":"mapa-escolar","status":"publish","type":"page","link":"https:\/\/niteroi.rj.gov.br\/matriculas\/mapa-escolar\/","title":{"rendered":"Mapa Escolar"},"content":{"rendered":"<p>[et_pb_section fb_built=&#8221;1&#8243; _builder_version=&#8221;4.24.3&#8243; _module_preset=&#8221;default&#8221; global_colors_info=&#8221;{}&#8221;][et_pb_row column_structure=&#8221;1_5,3_5,1_5&#8243; _builder_version=&#8221;4.24.3&#8243; _module_preset=&#8221;default&#8221; global_colors_info=&#8221;{}&#8221;][et_pb_column type=&#8221;1_5&#8243; _builder_version=&#8221;4.24.3&#8243; _module_preset=&#8221;default&#8221; global_colors_info=&#8221;{}&#8221;][\/et_pb_column][et_pb_column type=&#8221;3_5&#8243; _builder_version=&#8221;4.24.3&#8243; _module_preset=&#8221;default&#8221; global_colors_info=&#8221;{}&#8221;][et_pb_text _builder_version=&#8221;4.24.3&#8243; _module_preset=&#8221;default&#8221; text_font_size=&#8221;16px&#8221; header_font=&#8221;boobyjones|||on|||||&#8221; header_text_color=&#8221;#ed7404&#8243; header_font_size=&#8221;3em&#8221; global_colors_info=&#8221;{}&#8221;]<\/p>\n<p><img decoding=\"async\" src=\"https:\/\/niteroi.rj.gov.br\/matriculas\/wp-content\/uploads\/2025\/10\/mapa-escolcar-icone-300x246.png\" width=\"72\" alt=\"\" class=\"wp-image-23 alignnone size-medium\" style=\"float: left; margin: 0 20px 50px 0;\" \/><\/p>\n<h1>mapa escolar<\/h1>\n<p>Pesquise no mapa a Unidade de Educa\u00e7\u00e3o mais perto de voc\u00ea!<\/p>\n<p>[\/et_pb_text][et_pb_code _builder_version=&#8221;4.24.3&#8243; _module_preset=&#8221;default&#8221; hover_enabled=&#8221;0&#8243; global_colors_info=&#8221;{}&#8221; sticky_enabled=&#8221;0&#8243;]<iframe loading=\"lazy\" src=\"https:\/\/www.google.com\/maps\/d\/embed?mid=1CL9ZdvZD8inQt41FLc07NONkcRScl1g&#038;hl=pt_BR&#038;ehbc=2E312F\" width=\"100%\" height=\"480\"><\/iframe>[\/et_pb_code][\/et_pb_column][et_pb_column type=&#8221;1_5&#8243; _builder_version=&#8221;4.24.3&#8243; _module_preset=&#8221;default&#8221; global_colors_info=&#8221;{}&#8221;][\/et_pb_column][\/et_pb_row][\/et_pb_section]<\/p>\n","protected":false},"excerpt":{"rendered":"<p>mapa escolar Pesquise no mapa a Unidade de Educa\u00e7\u00e3o mais perto de voc\u00ea!<\/p>\n","protected":false},"author":1,"featured_media":0,"parent":0,"menu_order":0,"comment_status":"closed","ping_status":"closed","template":"","meta":{"_et_pb_use_builder":"on","_et_pb_old_content":"","_et_gb_content_width":"","footnotes":""},"class_list":["post-32","page","type-page","status-publish","hentry"],"_links":{"self":[{"href":"https:\/\/niteroi.rj.gov.br\/matriculas\/wp-json\/wp\/v2\/pages\/32","targetHints":{"allow":["GET"]}}],"collection":[{"href":"https:\/\/niteroi.rj.gov.br\/matriculas\/wp-json\/wp\/v2\/pages"}],"about":[{"href":"https:\/\/niteroi.rj.gov.br\/matriculas\/wp-json\/wp\/v2\/types\/page"}],"author":[{"embeddable":true,"href":"https:\/\/niteroi.rj.gov.br\/matriculas\/wp-json\/wp\/v2\/users\/1"}],"replies":[{"embeddable":true,"href":"https:\/\/niteroi.rj.gov.br\/matriculas\/wp-json\/wp\/v2\/comments?post=32"}],"version-history":[{"count":4,"href":"https:\/\/niteroi.rj.gov.br\/matriculas\/wp-json\/wp\/v2\/pages\/32\/revisions"}],"predecessor-version":[{"id":98,"href":"https:\/\/niteroi.rj.gov.br\/matriculas\/wp-json\/wp\/v2\/pages\/32\/revisions\/98"}],"wp:attachment":[{"href":"https:\/\/niteroi.rj.gov.br\/matriculas\/wp-json\/wp\/v2\/media?parent=32"}],"curies":[{"name":"wp","href":"https:\/\/api.w.org\/{rel}","templated":true}]}}