{"id":39,"date":"2025-10-20T10:44:21","date_gmt":"2025-10-20T13:44:21","guid":{"rendered":"http:\/\/niteroi.rj.gov.br\/matriculas\/?page_id=39"},"modified":"2025-10-20T11:05:16","modified_gmt":"2025-10-20T14:05:16","slug":"documentacao","status":"publish","type":"page","link":"https:\/\/niteroi.rj.gov.br\/matriculas\/documentacao\/","title":{"rendered":"Documenta\u00e7\u00e3o"},"content":{"rendered":"<p>[et_pb_section fb_built=&#8221;1&#8243; _builder_version=&#8221;4.24.3&#8243; _module_preset=&#8221;default&#8221; global_colors_info=&#8221;{}&#8221;][et_pb_row _builder_version=&#8221;4.24.3&#8243; _module_preset=&#8221;default&#8221; global_colors_info=&#8221;{}&#8221;][et_pb_column type=&#8221;4_4&#8243; _builder_version=&#8221;4.24.3&#8243; _module_preset=&#8221;default&#8221; global_colors_info=&#8221;{}&#8221;][et_pb_text _builder_version=&#8221;4.24.3&#8243; _module_preset=&#8221;default&#8221; text_font_size=&#8221;16px&#8221; header_font=&#8221;boobyjones|||on|||||&#8221; header_text_color=&#8221;#ed7404&#8243; header_font_size=&#8221;2em&#8221; global_colors_info=&#8221;{}&#8221;]<\/p>\n<h1>Documentos e informa\u00e7\u00f5es solicitadas NA PR\u00c9-MATR\u00cdCULA<\/h1>\n<p>[\/et_pb_text][et_pb_text _builder_version=&#8221;4.24.3&#8243; _module_preset=&#8221;default&#8221; hover_enabled=&#8221;0&#8243; global_colors_info=&#8221;{}&#8221; header_3_font=&#8221;Poppins||||||||&#8221; header_3_text_color=&#8221;#000000&#8243; sticky_enabled=&#8221;0&#8243;]<\/p>\n<h3><img decoding=\"async\" src=\"http:\/\/niteroi.rj.gov.br\/matriculas\/wp-content\/uploads\/2025\/10\/chk.png\" width=\"30px\" alt=\"\" class=\"wp-image-43 alignnone size-full\" style=\"position:relative; top:5px; margin-right:10px;\" \/>Dados do(a) requerente:<\/h3>\n<p>Nome completo, sem abrevia\u00e7\u00f5es;<br \/>\nNome social\/afetivo;<br \/>\nData de nascimento;<br \/>\nSexo;<br \/>\nNacionalidade;<br \/>\nN\u00famero do CPF;<br \/>\nFilia\u00e7\u00e3o, sem abrevia\u00e7\u00f5es;<br \/>\nAutodeclara\u00e7\u00e3o de cor\/ra\u00e7a;<br \/>\nEndere\u00e7o completo no munic\u00edpio de Niter\u00f3i, inclusive CEP;<br \/>\nN\u00famero do telefone celular; e<br \/>\nE-mail;[\/et_pb_text][et_pb_text _builder_version=&#8221;4.24.3&#8243; _module_preset=&#8221;default&#8221; hover_enabled=&#8221;0&#8243; global_colors_info=&#8221;{}&#8221; header_3_font=&#8221;Poppins||||||||&#8221; header_3_text_color=&#8221;#000000&#8243; sticky_enabled=&#8221;0&#8243;]<\/p>\n<h3><img decoding=\"async\" src=\"http:\/\/niteroi.rj.gov.br\/matriculas\/wp-content\/uploads\/2025\/10\/chk.png\" width=\"30px\" alt=\"\" class=\"wp-image-43 alignnone size-full\" style=\"position: relative; top: 5px; margin-right: 10px;\" \/>Dados do(a) candidato(a):<\/h3>\n<p>Nome completo;<br \/>Nome social\/afetivo;<br \/>Data de nascimento;<br \/>Sexo;<br \/>Nacionalidade;<br \/>CPF;<br \/>Filia\u00e7\u00e3o sem abrevia\u00e7\u00f5es;<br \/>Declara\u00e7\u00e3o de cor\/ra\u00e7a;<br \/>Se possui benef\u00edcio Cart\u00e3o AraribOia;<br \/>Se possui benef\u00edcio do Bolsa Fam\u00edlia;<br \/>N\u00famero de Identifica\u00e7\u00e3o Social (NIS), quando for o caso;<br \/>Se o(a) candidato(a) \u00e9 Pessoa com Defici\u00eancia, Transtorno do Espectro Autista ou Altas Habilidades\/Superdota\u00e7\u00e3o;<br \/>A rede escolar anterior, quando for o caso;<br \/>Se possui matr\u00edcula ativa em Unidades de Educa\u00e7\u00e3o da Rede Municipal de Educa\u00e7\u00e3o de Niter\u00f3i ou nas Creches Conveniadas ao Programa Crian\u00e7a na Creche no ano letivo vigente;<br \/>Nome da Unidade de Educa\u00e7\u00e3o da Rede Municipal de Educa\u00e7\u00e3o de Niter\u00f3i ou da Creche Conveniada ao Programa Crian\u00e7a na Creche que possui matr\u00edcula ativa no ano letivo vigente, quando for o caso;<br \/>Se possui matr\u00edcula ativa em institui\u00e7\u00e3o conveniada ao Programa Escola Parceira no ano letivo vigente;<br \/>Nome da institui\u00e7\u00e3o conveniada ao Programa Escola Parceira com matr\u00edcula ativa no ano letivo vigente, quando for o caso;<br \/>Ano de Escolaridade do(a) candidato(a);<br \/>Indica\u00e7\u00e3o das Unidades de Educa\u00e7\u00e3o;<br \/>Se o(a) candidato(a) possui irm\u00e3o(\u00e3) com matr\u00edcula ativa em alguma das Unidades de Educa\u00e7\u00e3o indicadas.<\/p>\n<p>[\/et_pb_text][et_pb_text _builder_version=&#8221;4.24.3&#8243; _module_preset=&#8221;default&#8221; hover_enabled=&#8221;0&#8243; global_colors_info=&#8221;{}&#8221; header_3_font=&#8221;Poppins||||||||&#8221; header_3_text_color=&#8221;#000000&#8243; sticky_enabled=&#8221;0&#8243;]<\/p>\n<h3><img decoding=\"async\" src=\"http:\/\/niteroi.rj.gov.br\/matriculas\/wp-content\/uploads\/2025\/10\/alert.png\" width=\"30px\" alt=\"\" class=\"wp-image-43 alignnone size-full\" style=\"position: relative; top: 5px; margin-right: 10px;\" \/>Aten\u00e7\u00e3o:<\/h3>\n<p>\u00c9 <strong>obrigat\u00f3rio<\/strong> o envio (upload) de <strong>comprovante de resid\u00eancia atualizado<\/strong> em nome de um dos(as) respons\u00e1veis legais do(a) candidato(a), com data de emiss\u00e3o dos \u00faltimos 3 (tr\u00eas) meses. Esse documento \u00e9 imprescind\u00edvel para comprovar a informa\u00e7\u00e3o declarada e garantir a aplica\u00e7\u00e3o dos crit\u00e9rios de distribui\u00e7\u00e3o da vaga, conforme estabelece o edital. Ser\u00e3o aceitos documentos nos formatos PDF ou JPG. O envio de comprovante inv\u00e1lido implicar\u00e1 no indeferimento da inscri\u00e7\u00e3o. O respons\u00e1vel poder\u00e1 realizar uma nova inscri\u00e7\u00e3o, com comprovante v\u00e1lido, de acordo com o cronograma de matr\u00edculas.<\/p>\n<p>Para o(a) candidato(a) declarado(a) como <strong>Pessoa com Defici\u00eancia, Transtorno do Espectro <\/strong><strong>Autista ou Altas Habilidades\/Superdota\u00e7\u00e3o<\/strong> dever\u00e1 realizado o envio (upload) de laudo m\u00e9dico atualizado, contendo o C\u00f3digo Internacional de Doen\u00e7as (CID) correspondente \u00e0 defici\u00eancia ou transtorno informados. Esse documento \u00e9 obrigat\u00f3rio para comprovar a informa\u00e7\u00e3o declarada e garantir a aplica\u00e7\u00e3o dos crit\u00e9rios de distribui\u00e7\u00e3o da vaga, conforme estabelece o edital. Ser\u00e3o aceitos documentos nos formatos PDF ou JPG.<\/p>\n<p>[\/et_pb_text][et_pb_text _builder_version=&#8221;4.24.3&#8243; _module_preset=&#8221;default&#8221; text_font_size=&#8221;16px&#8221; header_font=&#8221;boobyjones|||on|||||&#8221; header_text_color=&#8221;#ed7404&#8243; header_font_size=&#8221;2em&#8221; hover_enabled=&#8221;0&#8243; global_colors_info=&#8221;{}&#8221; sticky_enabled=&#8221;0&#8243;]<\/p>\n<h1>DOCUMENTOS NECESS\u00c1RIOS PARA A EFETIVA\u00c7\u00c3O DA MATR\u00cdCULA na unidade de educa\u00e7\u00e3o<\/h1>\n<p>[\/et_pb_text][et_pb_text _builder_version=&#8221;4.24.3&#8243; _module_preset=&#8221;default&#8221; hover_enabled=&#8221;0&#8243; global_colors_info=&#8221;{}&#8221; header_3_font=&#8221;Poppins||||||||&#8221; header_3_text_color=&#8221;#000000&#8243; sticky_enabled=&#8221;0&#8243;]3 (tr\u00eas) fotos 3\u00d74 do(a) candidato(a);<br \/>\nC\u00f3pia e original da Certid\u00e3o de Nascimento do(a) candidato(a);<br \/>\nC\u00f3pia e original de CPF do(a) candidato(a);<br \/>\nC\u00f3pia e original da Carteira de Identidade do(a) candidato(a);<br \/>\nC\u00f3pia e original do Comprovante de Resid\u00eancia de Niter\u00f3i atualizado (dos \u00faltimos 3 meses), em nome de um(a) dos(as) respons\u00e1veis;<br \/>\nC\u00f3pia e original da Carteira de Identidade e CPF do(a) requerente \u2013 pai, m\u00e3e ou respons\u00e1vel legal do(a) candidato(a);<br \/>\nC\u00f3pia e original do Termo Judicial de Guarda, Termo de Responsabilidade ou Termo de Autoriza\u00e7\u00e3o para matr\u00edcula, emitido pelo Conselho Tutelar da regi\u00e3o, quando for o caso;<br \/>\nComprovante de tipo sangu\u00edneo e RH, nos termos da Lei Municipal n\u00ba 3.348\/18 (com prazo de entrega at\u00e9 3 meses ap\u00f3s a efetiva\u00e7\u00e3o da matr\u00edcula) );<br \/>\nC\u00f3pia e original do N\u00famero de Identifica\u00e7\u00e3o Social (NIS), quando for o caso;<br \/>\nC\u00f3pia e original do Comprovante de Benef\u00edcio do Bolsa Fam\u00edlia quando for o caso;<br \/>\nC\u00f3pia e original do Comprovante de Benef\u00edcio do Cart\u00e3o Ararib\u00f3ia, quando for o caso;<br \/>\nC\u00f3pia e original da Carteira de Vacina\u00e7\u00e3o atualizada (para todos os anos de escolaridade);<br \/>\nN\u00famero de inscri\u00e7\u00e3o no Sistema \u00danico de Sa\u00fade \u2013 SUS;<br \/>\nC\u00f3pia e original do Hist\u00f3rico Escolar ou protocolo de transfer\u00eancia (a partir do 2\u00ba ano do Ensino Fundamental).[\/et_pb_text][\/et_pb_column][\/et_pb_row][\/et_pb_section]<\/p>\n","protected":false},"excerpt":{"rendered":"<p>Documentos e informa\u00e7\u00f5es solicitadas NA PR\u00c9-MATR\u00cdCULADados do(a) requerente: Nome completo, sem abrevia\u00e7\u00f5es; Nome social\/afetivo; Data de nascimento; Sexo; Nacionalidade; N\u00famero do CPF; Filia\u00e7\u00e3o, sem abrevia\u00e7\u00f5es; Autodeclara\u00e7\u00e3o de cor\/ra\u00e7a; Endere\u00e7o completo no munic\u00edpio de Niter\u00f3i, inclusive CEP; N\u00famero do telefone celular; e E-mail;Dados do(a) candidato(a): Nome completo;Nome social\/afetivo;Data de nascimento;Sexo;Nacionalidade;CPF;Filia\u00e7\u00e3o sem abrevia\u00e7\u00f5es;Declara\u00e7\u00e3o de cor\/ra\u00e7a;Se possui benef\u00edcio [&hellip;]<\/p>\n","protected":false},"author":1,"featured_media":0,"parent":0,"menu_order":0,"comment_status":"closed","ping_status":"closed","template":"","meta":{"_et_pb_use_builder":"on","_et_pb_old_content":"","_et_gb_content_width":"","footnotes":""},"class_list":["post-39","page","type-page","status-publish","hentry"],"_links":{"self":[{"href":"https:\/\/niteroi.rj.gov.br\/matriculas\/wp-json\/wp\/v2\/pages\/39","targetHints":{"allow":["GET"]}}],"collection":[{"href":"https:\/\/niteroi.rj.gov.br\/matriculas\/wp-json\/wp\/v2\/pages"}],"about":[{"href":"https:\/\/niteroi.rj.gov.br\/matriculas\/wp-json\/wp\/v2\/types\/page"}],"author":[{"embeddable":true,"href":"https:\/\/niteroi.rj.gov.br\/matriculas\/wp-json\/wp\/v2\/users\/1"}],"replies":[{"embeddable":true,"href":"https:\/\/niteroi.rj.gov.br\/matriculas\/wp-json\/wp\/v2\/comments?post=39"}],"version-history":[{"count":5,"href":"https:\/\/niteroi.rj.gov.br\/matriculas\/wp-json\/wp\/v2\/pages\/39\/revisions"}],"predecessor-version":[{"id":51,"href":"https:\/\/niteroi.rj.gov.br\/matriculas\/wp-json\/wp\/v2\/pages\/39\/revisions\/51"}],"wp:attachment":[{"href":"https:\/\/niteroi.rj.gov.br\/matriculas\/wp-json\/wp\/v2\/media?parent=39"}],"curies":[{"name":"wp","href":"https:\/\/api.w.org\/{rel}","templated":true}]}}