{"id":52,"date":"2025-10-20T11:07:15","date_gmt":"2025-10-20T14:07:15","guid":{"rendered":"http:\/\/niteroi.rj.gov.br\/matriculas\/?page_id=52"},"modified":"2025-11-23T18:52:51","modified_gmt":"2025-11-23T21:52:51","slug":"educacao-infantil","status":"publish","type":"page","link":"https:\/\/niteroi.rj.gov.br\/matriculas\/educacao-infantil\/","title":{"rendered":"Educa\u00e7\u00e3o Infantil"},"content":{"rendered":"<p>[et_pb_section fb_built=&#8221;1&#8243; _builder_version=&#8221;4.24.3&#8243; _module_preset=&#8221;default&#8221; global_colors_info=&#8221;{}&#8221;][et_pb_row column_structure=&#8221;2_3,1_3&#8243; _builder_version=&#8221;4.24.3&#8243; _module_preset=&#8221;default&#8221; global_colors_info=&#8221;{}&#8221;][et_pb_column type=&#8221;2_3&#8243; _builder_version=&#8221;4.24.3&#8243; _module_preset=&#8221;default&#8221; global_colors_info=&#8221;{}&#8221;][et_pb_text _builder_version=&#8221;4.24.3&#8243; _module_preset=&#8221;default&#8221; header_font=&#8221;boobyjones|||on|||||&#8221; header_text_color=&#8221;#ed7404&#8243; header_font_size=&#8221;3em&#8221; global_colors_info=&#8221;{}&#8221;]<\/p>\n<h1>Educa\u00e7\u00e3o infantil<\/h1>\n<p>[\/et_pb_text][et_pb_text _builder_version=&#8221;4.24.3&#8243; _module_preset=&#8221;default&#8221; text_font_size=&#8221;16px&#8221; hover_enabled=&#8221;0&#8243; global_colors_info=&#8221;{}&#8221; sticky_enabled=&#8221;0&#8243;]A pr\u00e9-matr\u00edcula para a Educa\u00e7\u00e3o Infantil \u00e9 o processo em que respons\u00e1veis podem inscrever suas crian\u00e7as em unidades de educa\u00e7\u00e3o da Rede Municipal de Niter\u00f3i, incluindo creches comunit\u00e1rias conveniadas para o ano letivo de 2026. Podem ser inscritas crian\u00e7as de 0 a 5 anos.<\/p>\n<p>Inscri\u00e7\u00f5es a partir das 8 horas[\/et_pb_text][et_pb_text _builder_version=&#8221;4.24.3&#8243; _module_preset=&#8221;default&#8221; header_font=&#8221;boobyjones|||on|||||&#8221; header_text_color=&#8221;#ed7404&#8243; header_font_size=&#8221;3em&#8221; global_colors_info=&#8221;{}&#8221;]<\/p>\n<h1>como fa\u00e7o a inscri\u00e7\u00e3o?<\/h1>\n<p>[\/et_pb_text][et_pb_text _builder_version=&#8221;4.24.3&#8243; _module_preset=&#8221;default&#8221; text_font_size=&#8221;16px&#8221; global_colors_info=&#8221;{}&#8221;]1. Acesse aqui;<br \/>\n2. Preencha o formul\u00e1rio com os dados da crian\u00e7a e do(a) requerente\/respons\u00e1vel;<br \/>\n3. Envie o comprovante de resid\u00eancia atualizado (\u00faltimos 3 meses) e em nome de um dos respons\u00e1veis legais &#8211; documento obrigat\u00f3rio;<br \/>\n4. Finalize e salve o n\u00famero de protocolo gerado. O n\u00famero do protocolo tamb\u00e9m ser\u00e1 enviado por e-mail e por SMS.[\/et_pb_text][et_pb_text _builder_version=&#8221;4.24.3&#8243; _module_preset=&#8221;default&#8221; header_font=&#8221;boobyjones|||on|||||&#8221; header_text_color=&#8221;#ed7404&#8243; header_font_size=&#8221;3em&#8221; global_colors_info=&#8221;{}&#8221;]<\/p>\n<h1>como acompanho o resultado?<\/h1>\n<p>[\/et_pb_text][et_pb_text _builder_version=&#8221;4.24.3&#8243; _module_preset=&#8221;default&#8221; text_font_size=&#8221;16px&#8221; global_colors_info=&#8221;{}&#8221;]<strong>Online<\/strong><br \/>\nO resultado do pedido de pr\u00e9-matr\u00edcula ser\u00e1 disponibilizado pelo e-mail informado no momento da solicita\u00e7\u00e3o.<\/p>\n<p><strong>Presencial<\/strong><br \/>\nA consulta presencial poder\u00e1 acontecer no Espa\u00e7o de Atendimento da Educa\u00e7\u00e3o:<br \/>\nRua Visconde do Uruguai, 294 &#8211; Centro, Niter\u00f3i \u2013 RJ<br \/>\nHor\u00e1rio de atendimento: segunda \u00e0 sexta-feira, das 09h00 at\u00e9 16h00[\/et_pb_text][\/et_pb_column][et_pb_column type=&#8221;1_3&#8243; _builder_version=&#8221;4.24.3&#8243; _module_preset=&#8221;default&#8221; global_colors_info=&#8221;{}&#8221;][et_pb_image src=&#8221;https:\/\/niteroi.rj.gov.br\/matriculas\/wp-content\/uploads\/2025\/10\/m1.jpg&#8221; title_text=&#8221;m1&#8243; _builder_version=&#8221;4.24.3&#8243; _module_preset=&#8221;default&#8221; global_colors_info=&#8221;{}&#8221;][\/et_pb_image][\/et_pb_column][\/et_pb_row][et_pb_row _builder_version=&#8221;4.24.3&#8243; _module_preset=&#8221;default&#8221; global_colors_info=&#8221;{}&#8221;][et_pb_column type=&#8221;4_4&#8243; _builder_version=&#8221;4.24.3&#8243; _module_preset=&#8221;default&#8221; global_colors_info=&#8221;{}&#8221;][et_pb_text _builder_version=&#8221;4.24.3&#8243; _module_preset=&#8221;default&#8221; header_3_font=&#8221;boobyjones||||||||&#8221; header_3_text_color=&#8221;#FFFFFF&#8221; header_3_font_size=&#8221;28px&#8221; background_enable_color=&#8221;off&#8221; text_orientation=&#8221;center&#8221; locked=&#8221;off&#8221; global_colors_info=&#8221;{}&#8221;]<\/p>\n<h3 style=\"background:#ed7404; display:inline-block; padding:10px; border-radius:10px\">cuidado com fraudes!<\/h3>\n<p>[\/et_pb_text][et_pb_text _builder_version=&#8221;4.24.3&#8243; _module_preset=&#8221;default&#8221; text_font_size=&#8221;16px&#8221; global_colors_info=&#8221;{}&#8221;]A Prefeitura de Niter\u00f3i n\u00e3o solicita o envio de documentos ou dados adicionais por telefone, SMS ou outros canais de comunica\u00e7\u00e3o que n\u00e3o sejam os oficiais mencionados no edital. Fique atento(a) e evite compartilhar documentos ou dados pessoais em resposta a mensagens suspeitas.[\/et_pb_text][\/et_pb_column][\/et_pb_row][et_pb_row _builder_version=&#8221;4.24.3&#8243; _module_preset=&#8221;default&#8221; locked=&#8221;off&#8221; global_colors_info=&#8221;{}&#8221;][et_pb_column type=&#8221;4_4&#8243; _builder_version=&#8221;4.24.3&#8243; _module_preset=&#8221;default&#8221; global_colors_info=&#8221;{}&#8221;][et_pb_text _builder_version=&#8221;4.24.3&#8243; _module_preset=&#8221;default&#8221; text_font_size=&#8221;16px&#8221; header_font=&#8221;boobyjones|||on|||||&#8221; header_text_color=&#8221;#ed7404&#8243; header_font_size=&#8221;2em&#8221; global_colors_info=&#8221;{}&#8221;]<\/p>\n<h1>Documentos e informa\u00e7\u00f5es solicitadas NA PR\u00c9-MATR\u00cdCULA<\/h1>\n<p>[\/et_pb_text][et_pb_text _builder_version=&#8221;4.24.3&#8243; _module_preset=&#8221;default&#8221; header_3_font=&#8221;Poppins||||||||&#8221; header_3_text_color=&#8221;#000000&#8243; global_colors_info=&#8221;{}&#8221;]<\/p>\n<h3><img decoding=\"async\" src=\"https:\/\/niteroi.rj.gov.br\/matriculas\/wp-content\/uploads\/2025\/10\/chk.png\" width=\"30px\" alt=\"\" class=\"wp-image-43 alignnone size-full\" style=\"position:relative; top:5px; margin-right:10px;\" \/>Dados do(a) requerente:<\/h3>\n<p>Nome completo, sem abrevia\u00e7\u00f5es; nome social\/afetivo (se aplic\u00e1vel); data de nascimento; sexo; nacionalidade; n\u00famero do CPF; filia\u00e7\u00e3o, sem abrevia\u00e7\u00f5es; autodeclara\u00e7\u00e3o de cor\/ra\u00e7a; endere\u00e7o completo no munic\u00edpio de Niter\u00f3i, inclusive CEP; n\u00famero do telefone celular; e e-mail.[\/et_pb_text][et_pb_text _builder_version=&#8221;4.24.3&#8243; _module_preset=&#8221;default&#8221; header_3_font=&#8221;Poppins||||||||&#8221; header_3_text_color=&#8221;#000000&#8243; global_colors_info=&#8221;{}&#8221;]<\/p>\n<h3><img decoding=\"async\" src=\"https:\/\/niteroi.rj.gov.br\/matriculas\/wp-content\/uploads\/2025\/10\/chk.png\" width=\"30px\" alt=\"\" class=\"wp-image-43 alignnone size-full\" style=\"position: relative; top: 5px; margin-right: 10px;\" \/>Dados do(a) candidato(a):<\/h3>\n<p>Nome completo; nome social\/afetivo (se aplic\u00e1vel); data de nascimento; sexo; nacionalidade; n\u00famero do CPF; filia\u00e7\u00e3o, sem abrevia\u00e7\u00f5es; declara\u00e7\u00e3o de cor\/ra\u00e7a;[\/et_pb_text][et_pb_text _builder_version=&#8221;4.24.3&#8243; _module_preset=&#8221;default&#8221; header_3_font=&#8221;Poppins||||||||&#8221; header_3_text_color=&#8221;#000000&#8243; global_colors_info=&#8221;{}&#8221;]<\/p>\n<h3><img decoding=\"async\" src=\"https:\/\/niteroi.rj.gov.br\/matriculas\/wp-content\/uploads\/2025\/10\/doc.png\" width=\"30px\" alt=\"\" class=\"wp-image-43 alignnone size-full\" style=\"position: relative; top: 5px; margin-right: 10px;\" \/>Outras informa\u00e7\u00f5es:<\/h3>\n<p>Se o candidato possui Cart\u00e3o Arariboia ou Bolsa Fam\u00edlia, N\u00famero de Identifica\u00e7\u00e3o Social (NIS), ou algum tipo de defici\u00eancia, transtorno do espectro autista, altas habilidades ou superdota\u00e7\u00e3o.[\/et_pb_text][et_pb_text _builder_version=&#8221;4.24.3&#8243; _module_preset=&#8221;default&#8221; header_3_font=&#8221;Poppins||||||||&#8221; header_3_text_color=&#8221;#000000&#8243; global_colors_info=&#8221;{}&#8221;]<\/p>\n<h3><img decoding=\"async\" src=\"https:\/\/niteroi.rj.gov.br\/matriculas\/wp-content\/uploads\/2025\/10\/alert.png\" width=\"30px\" alt=\"\" class=\"wp-image-43 alignnone size-full\" style=\"position: relative; top: 5px; margin-right: 10px;\" \/>Aten\u00e7\u00e3o:<\/h3>\n<p>\u00c9 obrigat\u00f3rio o envio do comprovante de resid\u00eancia atualizado, com data de emiss\u00e3o de at\u00e9 tr\u00eas meses e em nome de um dos respons\u00e1veis legais. Em caso de candidatos com defici\u00eancia, transtorno do espectro autista ou altas habilidades\/superdota\u00e7\u00e3o, \u00e9 obrigat\u00f3rio o envio de laudo m\u00e9dico para garantir o crit\u00e9rio de distribui\u00e7\u00e3o das vagas[\/et_pb_text][et_pb_button button_url=&#8221;https:\/\/niteroi.rj.gov.br\/matriculas\/pre-matricula-educacao-infantil\/&#8221; button_text=&#8221;Fa\u00e7a aqui a pr\u00e9-matr\u00edcula na ed. infantil&#8221; button_alignment=&#8221;center&#8221; _builder_version=&#8221;4.24.3&#8243; _module_preset=&#8221;default&#8221; custom_button=&#8221;on&#8221; button_text_color=&#8221;#FFFFFF&#8221; button_bg_color=&#8221;#ed7404&#8243; button_border_width=&#8221;0px&#8221; button_border_radius=&#8221;10px&#8221; button_font=&#8221;boobyjones||||||||&#8221; locked=&#8221;off&#8221; global_colors_info=&#8221;{}&#8221;][\/et_pb_button][et_pb_text _builder_version=&#8221;4.24.3&#8243; _module_preset=&#8221;default&#8221; text_font=&#8221;|700|||||||&#8221; text_font_size=&#8221;16px&#8221; header_3_font=&#8221;Poppins||||||||&#8221; header_3_text_color=&#8221;#000000&#8243; text_orientation=&#8221;center&#8221; global_colors_info=&#8221;{}&#8221;]Em caso de problemas para solicitar o servi\u00e7o online, envie um e-mail para matriculas2026@educacao.niteroi.rj.gov.br[\/et_pb_text][\/et_pb_column][\/et_pb_row][\/et_pb_section]<\/p>\n","protected":false},"excerpt":{"rendered":"<p>Educa\u00e7\u00e3o infantilA pr\u00e9-matr\u00edcula para a Educa\u00e7\u00e3o Infantil \u00e9 o processo em que respons\u00e1veis podem inscrever suas crian\u00e7as em unidades de educa\u00e7\u00e3o da Rede Municipal de Niter\u00f3i, incluindo creches comunit\u00e1rias conveniadas para o ano letivo de 2026. Podem ser inscritas crian\u00e7as de 0 a 5 anos. Inscri\u00e7\u00f5es a partir das 8 horascomo fa\u00e7o a inscri\u00e7\u00e3o?1. Acesse [&hellip;]<\/p>\n","protected":false},"author":1,"featured_media":0,"parent":0,"menu_order":0,"comment_status":"closed","ping_status":"closed","template":"","meta":{"_et_pb_use_builder":"on","_et_pb_old_content":"","_et_gb_content_width":"","footnotes":""},"class_list":["post-52","page","type-page","status-publish","hentry"],"_links":{"self":[{"href":"https:\/\/niteroi.rj.gov.br\/matriculas\/wp-json\/wp\/v2\/pages\/52","targetHints":{"allow":["GET"]}}],"collection":[{"href":"https:\/\/niteroi.rj.gov.br\/matriculas\/wp-json\/wp\/v2\/pages"}],"about":[{"href":"https:\/\/niteroi.rj.gov.br\/matriculas\/wp-json\/wp\/v2\/types\/page"}],"author":[{"embeddable":true,"href":"https:\/\/niteroi.rj.gov.br\/matriculas\/wp-json\/wp\/v2\/users\/1"}],"replies":[{"embeddable":true,"href":"https:\/\/niteroi.rj.gov.br\/matriculas\/wp-json\/wp\/v2\/comments?post=52"}],"version-history":[{"count":7,"href":"https:\/\/niteroi.rj.gov.br\/matriculas\/wp-json\/wp\/v2\/pages\/52\/revisions"}],"predecessor-version":[{"id":114,"href":"https:\/\/niteroi.rj.gov.br\/matriculas\/wp-json\/wp\/v2\/pages\/52\/revisions\/114"}],"wp:attachment":[{"href":"https:\/\/niteroi.rj.gov.br\/matriculas\/wp-json\/wp\/v2\/media?parent=52"}],"curies":[{"name":"wp","href":"https:\/\/api.w.org\/{rel}","templated":true}]}}