{"id":84,"date":"2025-11-18T14:49:04","date_gmt":"2025-11-18T17:49:04","guid":{"rendered":"https:\/\/niteroi.rj.gov.br\/matriculas\/?page_id=84"},"modified":"2025-11-21T16:31:58","modified_gmt":"2025-11-21T19:31:58","slug":"faq","status":"publish","type":"page","link":"https:\/\/niteroi.rj.gov.br\/matriculas\/faq\/","title":{"rendered":"FAQ"},"content":{"rendered":"<p>[et_pb_section fb_built=&#8221;1&#8243; _builder_version=&#8221;4.24.3&#8243; _module_preset=&#8221;default&#8221; global_colors_info=&#8221;{}&#8221;][et_pb_row _builder_version=&#8221;4.24.3&#8243; _module_preset=&#8221;default&#8221; global_colors_info=&#8221;{}&#8221;][et_pb_column type=&#8221;4_4&#8243; _builder_version=&#8221;4.24.3&#8243; _module_preset=&#8221;default&#8221; global_colors_info=&#8221;{}&#8221;][et_pb_text _builder_version=&#8221;4.24.3&#8243; _module_preset=&#8221;default&#8221; header_font=&#8221;boobyjones|||on|||||&#8221; header_text_color=&#8221;#ed7404&#8243; header_font_size=&#8221;3em&#8221; global_colors_info=&#8221;{}&#8221;]<\/p>\n<h1>FAQ<\/h1>\n<p>[\/et_pb_text][et_pb_text _builder_version=&#8221;4.24.3&#8243; _module_preset=&#8221;default&#8221; header_font=&#8221;boobyjones|||on|||||&#8221; header_text_color=&#8221;#ed7404&#8243; header_font_size=&#8221;2em&#8221; global_colors_info=&#8221;{}&#8221;]<\/p>\n<h1>INFORMA\u00c7\u00d5ES GERAIS<\/h1>\n<p>[\/et_pb_text][et_pb_accordion _builder_version=&#8221;4.24.3&#8243; _module_preset=&#8221;default&#8221; toggle_font=&#8221;Poppins|700|||||||&#8221; hover_enabled=&#8221;0&#8243; global_colors_info=&#8221;{}&#8221; sticky_enabled=&#8221;0&#8243;][et_pb_accordion_item title=&#8221;1. Quem pode se inscrever para estudar na Rede Municipal de Niter\u00f3i?&#8221; open=&#8221;on&#8221; _builder_version=&#8221;4.24.3&#8243; _module_preset=&#8221;default&#8221; custom_margin=&#8221;||10px||false|false&#8221; hover_enabled=&#8221;0&#8243; global_colors_info=&#8221;{}&#8221; sticky_enabled=&#8221;0&#8243;]<\/p>\n<p>Podem se inscrever crian\u00e7as e adolescentes que moram no munic\u00edpio de Niter\u00f3i e que desejam uma vaga nas Unidades Municipais de Educa\u00e7\u00e3o.<\/p>\n<p>[\/et_pb_accordion_item][et_pb_accordion_item title=&#8221;2. Onde e como \u00e9 feita a inscri\u00e7\u00e3o?&#8221; open=&#8221;off&#8221; _builder_version=&#8221;4.24.3&#8243; _module_preset=&#8221;default&#8221; custom_margin=&#8221;||10px||false|false&#8221; hover_enabled=&#8221;0&#8243; global_colors_info=&#8221;{}&#8221; sticky_enabled=&#8221;0&#8243;]<\/p>\n<p>A inscri\u00e7\u00e3o \u00e9 feita online, atrav\u00e9s do <a href=\"https:\/\/niteroi.rj.gov.br\/matriculas\" target=\"_blank\" rel=\"noopener\">site<\/a>, dentro do prazo informado no <a href=\"https:\/\/niteroi.rj.gov.br\/matriculas\/datas-importantes\/\" target=\"_blank\" rel=\"noopener\">[cronograma anual de matr\u00edculas]<\/a> divulgado pela Secretaria e pela Funda\u00e7\u00e3o Municipal de Educa\u00e7\u00e3o. No site, voc\u00ea preencher\u00e1 um formul\u00e1rio com os dados do respons\u00e1vel e do candidato e enviar\u00e1 os documentos solicitados (como o comprovante de resid\u00eancia e, se for o caso, o laudo m\u00e9dico).<\/p>\n<p>[\/et_pb_accordion_item][et_pb_accordion_item title=&#8221;3. \u00c9 preciso pagar alguma taxa para fazer a matr\u00edcula?&#8221; open=&#8221;off&#8221; _builder_version=&#8221;4.24.3&#8243; _module_preset=&#8221;default&#8221; custom_margin=&#8221;||10px||false|false&#8221; global_colors_info=&#8221;{}&#8221;]N\u00e3o. Todo o processo \u2014 inscri\u00e7\u00e3o, pr\u00e9-matr\u00edcula e efetiva\u00e7\u00e3o \u2014 \u00e9 gratuito. A cobran\u00e7a de qualquer valor \u00e9 proibida por lei.[\/et_pb_accordion_item][et_pb_accordion_item title=&#8221;4. Onde posso ver o cronograma de matr\u00edculas?&#8221; open=&#8221;off&#8221; _builder_version=&#8221;4.24.3&#8243; _module_preset=&#8221;default&#8221; custom_margin=&#8221;||10px||false|false&#8221; hover_enabled=&#8221;0&#8243; global_colors_info=&#8221;{}&#8221; sticky_enabled=&#8221;0&#8243;]<\/p>\n<p>O cronograma \u00e9 publicado todos os anos no Di\u00e1rio Oficial do Munic\u00edpio e divulgados nas redes sociais da Educa\u00e7\u00e3o. Al\u00e9m de estar dispon\u00edvel no [<a href=\"https:\/\/niteroi.rj.gov.br\/matriculas\/datas-importantes\/\" target=\"_blank\" rel=\"noopener\">site de matr\u00edculas<\/a>]. L\u00e1 voc\u00ea encontra as datas de inscri\u00e7\u00e3o, divulga\u00e7\u00e3o de resultados e prazos para efetiva\u00e7\u00e3o da matr\u00edcula.<\/p>\n<p>[\/et_pb_accordion_item][\/et_pb_accordion][\/et_pb_column][\/et_pb_row][et_pb_row _builder_version=&#8221;4.24.3&#8243; _module_preset=&#8221;default&#8221; global_colors_info=&#8221;{}&#8221;][et_pb_column type=&#8221;4_4&#8243; _builder_version=&#8221;4.24.3&#8243; _module_preset=&#8221;default&#8221; global_colors_info=&#8221;{}&#8221;][et_pb_text _builder_version=&#8221;4.24.3&#8243; _module_preset=&#8221;default&#8221; header_font=&#8221;boobyjones|||on|||||&#8221; header_text_color=&#8221;#ed7404&#8243; header_font_size=&#8221;2em&#8221; global_colors_info=&#8221;{}&#8221;]<\/p>\n<h1>RENOVA\u00c7\u00c3O DE MATR\u00cdCULA<\/h1>\n<p>[\/et_pb_text][et_pb_accordion _builder_version=&#8221;4.24.3&#8243; _module_preset=&#8221;default&#8221; toggle_font=&#8221;Poppins|700|||||||&#8221; hover_enabled=&#8221;0&#8243; global_colors_info=&#8221;{}&#8221; sticky_enabled=&#8221;0&#8243;][et_pb_accordion_item title=&#8221;5. Quem deve renovar a matr\u00edcula?&#8221; open=&#8221;on&#8221; _builder_version=&#8221;4.24.3&#8243; _module_preset=&#8221;default&#8221; custom_margin=&#8221;||10px||false|false&#8221; global_colors_info=&#8221;{}&#8221;]A renova\u00e7\u00e3o \u00e9 para estudantes que j\u00e1 est\u00e3o matriculados na Rede Municipal de Educa\u00e7\u00e3o de Niter\u00f3i ou em Creches Comunit\u00e1rias conveniadas ao Programa Crian\u00e7a na Creche e desejam continuar na mesma unidade no pr\u00f3ximo ano letivo.[\/et_pb_accordion_item][et_pb_accordion_item title=&#8221;6. Como fazer a renova\u00e7\u00e3o?&#8221; _builder_version=&#8221;4.24.3&#8243; _module_preset=&#8221;default&#8221; custom_margin=&#8221;||10px||false|false&#8221; hover_enabled=&#8221;0&#8243; global_colors_info=&#8221;{}&#8221; open=&#8221;off&#8221; sticky_enabled=&#8221;0&#8243;]<\/p>\n<p>A renova\u00e7\u00e3o deve ser feita, presencialmente, na secretaria da unidade onde a crian\u00e7a j\u00e1 estuda, seguindo o [<a href=\"https:\/\/niteroi.rj.gov.br\/matriculas\/datas-importantes\/\" target=\"_blank\" rel=\"noopener\">cronograma<\/a>] divulgado pela SME\/FME.<\/p>\n<p>[\/et_pb_accordion_item][et_pb_accordion_item title=&#8221;7. Quais documentos s\u00e3o necess\u00e1rios para renovar a matr\u00edcula?&#8221; _builder_version=&#8221;4.24.3&#8243; _module_preset=&#8221;default&#8221; custom_margin=&#8221;||10px||false|false&#8221; hover_enabled=&#8221;0&#8243; global_colors_info=&#8221;{}&#8221; open=&#8221;off&#8221; sticky_enabled=&#8221;0&#8243;]<\/p>\n<p>\u00c9 preciso apresentar o comprovante de resid\u00eancia atualizado (emitido h\u00e1 no m\u00e1ximo 3 meses) em nome de um dos respons\u00e1veis legais, al\u00e9m de atualizar os demais dados da crian\u00e7a e do respons\u00e1vel.<\/p>\n<p>[\/et_pb_accordion_item][\/et_pb_accordion][\/et_pb_column][\/et_pb_row][et_pb_row _builder_version=&#8221;4.24.3&#8243; _module_preset=&#8221;default&#8221; global_colors_info=&#8221;{}&#8221;][et_pb_column type=&#8221;4_4&#8243; _builder_version=&#8221;4.24.3&#8243; _module_preset=&#8221;default&#8221; global_colors_info=&#8221;{}&#8221;][et_pb_text _builder_version=&#8221;4.24.3&#8243; _module_preset=&#8221;default&#8221; header_font=&#8221;boobyjones|||on|||||&#8221; header_text_color=&#8221;#ed7404&#8243; header_font_size=&#8221;2em&#8221; global_colors_info=&#8221;{}&#8221;]<\/p>\n<h1>TRANSFER\u00caNCIAS<\/h1>\n<p>[\/et_pb_text][et_pb_accordion _builder_version=&#8221;4.24.3&#8243; _module_preset=&#8221;default&#8221; toggle_font=&#8221;Poppins|700|||||||&#8221; hover_enabled=&#8221;0&#8243; global_colors_info=&#8221;{}&#8221; sticky_enabled=&#8221;0&#8243;][et_pb_accordion_item title=&#8221;8. Quem pode pedir transfer\u00eancia?&#8221; open=&#8221;on&#8221; _builder_version=&#8221;4.24.3&#8243; _module_preset=&#8221;default&#8221; custom_margin=&#8221;||10px||false|false&#8221; hover_enabled=&#8221;0&#8243; global_colors_info=&#8221;{}&#8221; sticky_enabled=&#8221;0&#8243;]<\/p>\n<p>Somente estudantes que j\u00e1 est\u00e3o matriculados na Rede Municipal de Educa\u00e7\u00e3o de Niter\u00f3i ou em Creches Comunit\u00e1rias conveniadas ao Programa Crian\u00e7a na Creche podem pedir transfer\u00eancia para outra unidade.<\/p>\n<p>[\/et_pb_accordion_item][et_pb_accordion_item title=&#8221;9. Como fazer o pedido de transfer\u00eancia?&#8221; _builder_version=&#8221;4.24.3&#8243; _module_preset=&#8221;default&#8221; custom_margin=&#8221;||10px||false|false&#8221; hover_enabled=&#8221;0&#8243; global_colors_info=&#8221;{}&#8221; open=&#8221;off&#8221; sticky_enabled=&#8221;0&#8243;]<\/p>\n<p>O pedido deve ser feito presencialmente na unidade onde o estudante est\u00e1 matriculado, durante o per\u00edodo indicado no [<a href=\"https:\/\/niteroi.rj.gov.br\/matriculas\/datas-importantes\/\" target=\"_blank\" rel=\"noopener\">cronograma<\/a>].<\/p>\n<p>[\/et_pb_accordion_item][et_pb_accordion_item title=&#8221;10. Posso pedir transfer\u00eancia para qualquer escola?&#8221; _builder_version=&#8221;4.24.3&#8243; _module_preset=&#8221;default&#8221; custom_margin=&#8221;||10px||false|false&#8221; hover_enabled=&#8221;0&#8243; global_colors_info=&#8221;{}&#8221; open=&#8221;off&#8221; sticky_enabled=&#8221;0&#8243;]<\/p>\n<p>O respons\u00e1vel deve indicar apenas uma unidade desejada para a transfer\u00eancia. Cada estudante pode ter apenas uma solicita\u00e7\u00e3o ativa por vez.<\/p>\n<p>[\/et_pb_accordion_item][\/et_pb_accordion][\/et_pb_column][\/et_pb_row][et_pb_row _builder_version=&#8221;4.24.3&#8243; _module_preset=&#8221;default&#8221; global_colors_info=&#8221;{}&#8221;][et_pb_column type=&#8221;4_4&#8243; _builder_version=&#8221;4.24.3&#8243; _module_preset=&#8221;default&#8221; global_colors_info=&#8221;{}&#8221;][et_pb_text _builder_version=&#8221;4.24.3&#8243; _module_preset=&#8221;default&#8221; header_font=&#8221;boobyjones|||on|||||&#8221; header_text_color=&#8221;#ed7404&#8243; header_font_size=&#8221;2em&#8221; global_colors_info=&#8221;{}&#8221;]<\/p>\n<h1>PR\u00c9-MATR\u00cdCULA<\/h1>\n<p>[\/et_pb_text][et_pb_accordion _builder_version=&#8221;4.24.3&#8243; _module_preset=&#8221;default&#8221; toggle_font=&#8221;Poppins|700|||||||&#8221; hover_enabled=&#8221;0&#8243; global_colors_info=&#8221;{}&#8221; sticky_enabled=&#8221;0&#8243;][et_pb_accordion_item title=&#8221;11. O que \u00e9 a pr\u00e9-matr\u00edcula?&#8221; open=&#8221;on&#8221; _builder_version=&#8221;4.24.3&#8243; _module_preset=&#8221;default&#8221; custom_margin=&#8221;||10px||false|false&#8221; hover_enabled=&#8221;0&#8243; global_colors_info=&#8221;{}&#8221; sticky_enabled=&#8221;0&#8243;]<\/p>\n<p>A pr\u00e9-matr\u00edcula \u00e9 o cadastro inicial feito online para solicitar uma vaga na Rede Municipal de Niter\u00f3i. Nessa etapa, o respons\u00e1vel envia as informa\u00e7\u00f5es e documentos para an\u00e1lise, antes da confirma\u00e7\u00e3o final da matr\u00edcula.<\/p>\n<p>[\/et_pb_accordion_item][et_pb_accordion_item title=&#8221;12. Quem pode fazer a inscri\u00e7\u00e3o da pr\u00e9-matr\u00edcula?&#8221; _builder_version=&#8221;4.24.3&#8243; _module_preset=&#8221;default&#8221; custom_margin=&#8221;||10px||false|false&#8221; hover_enabled=&#8221;0&#8243; global_colors_info=&#8221;{}&#8221; open=&#8221;off&#8221; sticky_enabled=&#8221;0&#8243;]<\/p>\n<p>O formul\u00e1rio deve ser preenchido pelo pai, m\u00e3e ou respons\u00e1vel legal da crian\u00e7a. Se o respons\u00e1vel n\u00e3o for o pai ou a m\u00e3e, \u00e9 necess\u00e1rio possuir um documento emitido pelo Conselho Tutelar ou pela Justi\u00e7a que comprove a autoriza\u00e7\u00e3o para a matr\u00edcula.<\/p>\n<p>[\/et_pb_accordion_item][et_pb_accordion_item title=&#8221;13. Quais informa\u00e7\u00f5es s\u00e3o obrigat\u00f3rias na inscri\u00e7\u00e3o?&#8221; _builder_version=&#8221;4.24.3&#8243; _module_preset=&#8221;default&#8221; custom_margin=&#8221;||10px||false|false&#8221; global_colors_info=&#8221;{}&#8221; open=&#8221;off&#8221;]S\u00e3o solicitados os dados do respons\u00e1vel (nome completo, CPF, endere\u00e7o em Niter\u00f3i, telefone, e-mail etc.) e da crian\u00e7a (nome, data de nascimento, CPF, filia\u00e7\u00e3o, ra\u00e7a\/cor, entre outros).[\/et_pb_accordion_item][et_pb_accordion_item title=&#8221;14. Posso escolher mais de uma escola?&#8221; _builder_version=&#8221;4.24.3&#8243; _module_preset=&#8221;default&#8221; custom_margin=&#8221;||10px||false|false&#8221; hover_enabled=&#8221;0&#8243; global_colors_info=&#8221;{}&#8221; open=&#8221;off&#8221; sticky_enabled=&#8221;0&#8243;]<\/p>\n<p>Sim. O respons\u00e1vel deve indicar tr\u00eas unidades de educa\u00e7\u00e3o, em ordem de prefer\u00eancia.<\/p>\n<p>[\/et_pb_accordion_item][et_pb_accordion_item title=&#8221;15. Preciso enviar comprovante de resid\u00eancia?&#8221; _builder_version=&#8221;4.24.3&#8243; _module_preset=&#8221;default&#8221; custom_margin=&#8221;||10px||false|false&#8221; hover_enabled=&#8221;0&#8243; global_colors_info=&#8221;{}&#8221; open=&#8221;off&#8221; sticky_enabled=&#8221;0&#8243;]<\/p>\n<p>Sim. \u00c9 obrigat\u00f3rio enviar o comprovante de resid\u00eancia atualizado (emitido h\u00e1 at\u00e9 3 meses), em nome de um dos respons\u00e1veis. Ser\u00e3o aceitos arquivos nos formatos PDF ou JPG.<\/p>\n<p>[\/et_pb_accordion_item][et_pb_accordion_item title=&#8221;16. E se a crian\u00e7a for pessoa com defici\u00eancia ou Transtorno do Espectro Autista (TEA)?&#8221; _builder_version=&#8221;4.24.3&#8243; _module_preset=&#8221;default&#8221; custom_margin=&#8221;||10px||false|false&#8221; hover_enabled=&#8221;0&#8243; global_colors_info=&#8221;{}&#8221; open=&#8221;off&#8221; sticky_enabled=&#8221;0&#8243;]<\/p>\n<p>\u00c9 necess\u00e1rio enviar tamb\u00e9m o laudo m\u00e9dico atualizado, com o CID correspondente, para garantir o direito de prioridade na distribui\u00e7\u00e3o das vagas.<\/p>\n<p>[\/et_pb_accordion_item][et_pb_accordion_item title=&#8221;17. Como saberei se a inscri\u00e7\u00e3o foi conclu\u00edda?&#8221; _builder_version=&#8221;4.24.3&#8243; _module_preset=&#8221;default&#8221; custom_margin=&#8221;||10px||false|false&#8221; hover_enabled=&#8221;0&#8243; global_colors_info=&#8221;{}&#8221; open=&#8221;off&#8221; sticky_enabled=&#8221;0&#8243;]<\/p>\n<p>Ap\u00f3s o envio, o sistema gera um n\u00famero de protocolo de confirma\u00e7\u00e3o da inscri\u00e7\u00e3o. Guarde esse n\u00famero \u2014 ele ser\u00e1 usado para acompanhar o resultado.<\/p>\n<p>[\/et_pb_accordion_item][et_pb_accordion_item title=&#8221;18. Como posso acompanhar o resultado?&#8221; _builder_version=&#8221;4.24.3&#8243; _module_preset=&#8221;default&#8221; custom_margin=&#8221;||10px||false|false&#8221; hover_enabled=&#8221;0&#8243; global_colors_info=&#8221;{}&#8221; open=&#8221;off&#8221; sticky_enabled=&#8221;0&#8243;]<\/p>\n<p>O acompanhamento \u00e9 feito no mesmo [<a href=\"https:\/\/niteroi.rj.gov.br\/matriculas\/\" target=\"_blank\" rel=\"noopener\">site onde foi feita a inscri\u00e7\u00e3o<\/a>], dentro do per\u00edodo previsto no [<a href=\"https:\/\/niteroi.rj.gov.br\/matriculas\/datas-importantes\/\" target=\"_blank\" rel=\"noopener\">cronograma<\/a>]. \u00c9 responsabilidade do respons\u00e1vel verificar o resultado e os prazos para efetiva\u00e7\u00e3o de matr\u00edcula.<\/p>\n<p>[\/et_pb_accordion_item][\/et_pb_accordion][\/et_pb_column][\/et_pb_row][et_pb_row _builder_version=&#8221;4.24.3&#8243; _module_preset=&#8221;default&#8221; global_colors_info=&#8221;{}&#8221;][et_pb_column type=&#8221;4_4&#8243; _builder_version=&#8221;4.24.3&#8243; _module_preset=&#8221;default&#8221; global_colors_info=&#8221;{}&#8221;][et_pb_text _builder_version=&#8221;4.24.3&#8243; _module_preset=&#8221;default&#8221; header_font=&#8221;boobyjones|||on|||||&#8221; header_text_color=&#8221;#ed7404&#8243; header_font_size=&#8221;2em&#8221; global_colors_info=&#8221;{}&#8221;]<\/p>\n<h1>ETAPAS DA PR\u00c9-MATR\u00cdCULA<\/h1>\n<p>[\/et_pb_text][et_pb_accordion _builder_version=&#8221;4.24.3&#8243; _module_preset=&#8221;default&#8221; toggle_font=&#8221;Poppins|700|||||||&#8221; global_colors_info=&#8221;{}&#8221;][et_pb_accordion_item title=&#8221;19. O processo tem v\u00e1rias etapas. Como elas funcionam?&#8221; open=&#8221;on&#8221; _builder_version=&#8221;4.24.3&#8243; _module_preset=&#8221;default&#8221; custom_margin=&#8221;||10px||false|false&#8221; global_colors_info=&#8221;{}&#8221;]Sim. As inscri\u00e7\u00f5es e vagas s\u00e3o organizadas em etapas, para atender todos os p\u00fablicos:<\/p>\n<p>1\u00aa etapa \u2013 Encaminhamento para as crian\u00e7as que est\u00e3o na Educa\u00e7\u00e3o Infantil (GREI 5) e v\u00e3o para o Ensino Fundamental (1\u00ba ano) e tamb\u00e9m para os estudantes do Ensino Fundamental matriculados em unidades que n\u00e3o garantem a perman\u00eancia durante o ciclo.<br \/>\n2\u00aa etapa \u2013 Transfer\u00eancias na Educa\u00e7\u00e3o Infantil.<br \/>\n3\u00aa etapa \u2013 Novas inscri\u00e7\u00f5es para Educa\u00e7\u00e3o Infantil (0 a 5 anos).<br \/>\n4\u00aa etapa \u2013 Transfer\u00eancias no Ensino Fundamental.<br \/>\n5\u00aa etapa \u2013 Novas inscri\u00e7\u00f5es para o Ensino Fundamental (1\u00ba ao 9\u00ba ano).<br \/>\n6\u00aa etapa \u2013 Reclassifica\u00e7\u00e3o (para quem n\u00e3o conseguiu vaga nas etapas anteriores).<br \/>\nEtapa permanente \u2013 Para vagas remanescentes e a movimenta\u00e7\u00e3o dos estudantes ao longo do ano letivo.[\/et_pb_accordion_item][\/et_pb_accordion][\/et_pb_column][\/et_pb_row][et_pb_row _builder_version=&#8221;4.24.3&#8243; _module_preset=&#8221;default&#8221; global_colors_info=&#8221;{}&#8221;][et_pb_column type=&#8221;4_4&#8243; _builder_version=&#8221;4.24.3&#8243; _module_preset=&#8221;default&#8221; global_colors_info=&#8221;{}&#8221;][et_pb_text _builder_version=&#8221;4.24.3&#8243; _module_preset=&#8221;default&#8221; header_font=&#8221;boobyjones|||on|||||&#8221; header_text_color=&#8221;#ed7404&#8243; header_font_size=&#8221;2em&#8221; global_colors_info=&#8221;{}&#8221;]<\/p>\n<h1>CRIT\u00c9RIO PARA DISTRIBUI\u00c7\u00c3O DE VAGAS<\/h1>\n<p>[\/et_pb_text][et_pb_accordion _builder_version=&#8221;4.24.3&#8243; _module_preset=&#8221;default&#8221; toggle_font=&#8221;Poppins|700|||||||&#8221; hover_enabled=&#8221;0&#8243; global_colors_info=&#8221;{}&#8221; sticky_enabled=&#8221;0&#8243;][et_pb_accordion_item title=&#8221;20. Como as vagas s\u00e3o distribu\u00eddas?&#8221; open=&#8221;on&#8221; _builder_version=&#8221;4.24.3&#8243; _module_preset=&#8221;default&#8221; custom_margin=&#8221;||10px||false|false&#8221; global_colors_info=&#8221;{}&#8221;]As vagas s\u00e3o definidas de forma justa, seguindo os seguintes crit\u00e9rios:<br \/>\n1. Ter irm\u00e3o(\u00e3) matriculado(a) na mesma unidade;<br \/>\n2. Morar no mesmo bairro da Unidade de Educa\u00e7\u00e3o;<br \/>\n3. Ser pessoa com defici\u00eancia, TEA ou altas habilidades\/superdota\u00e7\u00e3o;<br \/>\n4. Em caso de empate, a prioridade \u00e9 da crian\u00e7a mais velha.[\/et_pb_accordion_item][et_pb_accordion_item title=&#8221;21. A ordem de inscri\u00e7\u00e3o faz diferen\u00e7a?&#8221; open=&#8221;off&#8221; _builder_version=&#8221;4.24.3&#8243; _module_preset=&#8221;default&#8221; custom_margin=&#8221;||10px||false|false&#8221; hover_enabled=&#8221;0&#8243; global_colors_info=&#8221;{}&#8221; sticky_enabled=&#8221;0&#8243;]<\/p>\n<p>N\u00e3o. A data ou hor\u00e1rio em que voc\u00ea fez a inscri\u00e7\u00e3o n\u00e3o interfere na contempla\u00e7\u00e3o. O que vale s\u00e3o os crit\u00e9rios de prioridade definidos na portaria.<\/p>\n<p>[\/et_pb_accordion_item][\/et_pb_accordion][\/et_pb_column][\/et_pb_row][et_pb_row _builder_version=&#8221;4.24.3&#8243; _module_preset=&#8221;default&#8221; global_colors_info=&#8221;{}&#8221;][et_pb_column type=&#8221;4_4&#8243; _builder_version=&#8221;4.24.3&#8243; _module_preset=&#8221;default&#8221; global_colors_info=&#8221;{}&#8221;][et_pb_text _builder_version=&#8221;4.24.3&#8243; _module_preset=&#8221;default&#8221; header_font=&#8221;boobyjones|||on|||||&#8221; header_text_color=&#8221;#ed7404&#8243; header_font_size=&#8221;2em&#8221; global_colors_info=&#8221;{}&#8221;]<\/p>\n<h1>EFETIVA\u00c7\u00c3O DA MATR\u00cdCULA<\/h1>\n<p>[\/et_pb_text][et_pb_accordion _builder_version=&#8221;4.24.3&#8243; _module_preset=&#8221;default&#8221; toggle_font=&#8221;Poppins|700|||||||&#8221; hover_enabled=&#8221;0&#8243; global_colors_info=&#8221;{}&#8221; sticky_enabled=&#8221;0&#8243;][et_pb_accordion_item title=&#8221;22. O que preciso fazer depois de ser contemplado com a vaga?&#8221; open=&#8221;on&#8221; _builder_version=&#8221;4.24.3&#8243; _module_preset=&#8221;default&#8221; custom_margin=&#8221;||10px||false|false&#8221; global_colors_info=&#8221;{}&#8221;]O respons\u00e1vel deve comparecer \u00e0 unidade indicada dentro do prazo informado no [cronograma], levando todos os documentos originais e c\u00f3pias para efetivar a matr\u00edcula.[\/et_pb_accordion_item][et_pb_accordion_item title=&#8221;23. Quem pode efetivar a matr\u00edcula?&#8221; _builder_version=&#8221;4.24.3&#8243; _module_preset=&#8221;default&#8221; custom_margin=&#8221;||10px||false|false&#8221; global_colors_info=&#8221;{}&#8221; open=&#8221;off&#8221;]A matr\u00edcula deve ser feita pelo requerente, ou seja, pai, m\u00e3e ou respons\u00e1vel que tiver documento legal de guarda ou autoriza\u00e7\u00e3o emitida pelo Conselho Tutelar.[\/et_pb_accordion_item][et_pb_accordion_item title=&#8221;24. O que acontece se eu n\u00e3o comparecer no prazo?&#8221; _builder_version=&#8221;4.24.3&#8243; _module_preset=&#8221;default&#8221; custom_margin=&#8221;||10px||false|false&#8221; hover_enabled=&#8221;0&#8243; global_colors_info=&#8221;{}&#8221; open=&#8221;off&#8221; sticky_enabled=&#8221;0&#8243;]<\/p>\n<p>O candidato ser\u00e1 considerado desistente e a vaga ser\u00e1 disponibilizada novamente. Por isso, \u00e9 muito importante ficar atento(a) \u00e0s datas do [<a href=\"https:\/\/niteroi.rj.gov.br\/matriculas\/datas-importantes\/\" target=\"_blank\" rel=\"noopener\">cronograma<\/a>].<\/p>\n<p>[\/et_pb_accordion_item][\/et_pb_accordion][\/et_pb_column][\/et_pb_row][et_pb_row _builder_version=&#8221;4.24.3&#8243; _module_preset=&#8221;default&#8221; global_colors_info=&#8221;{}&#8221;][et_pb_column type=&#8221;4_4&#8243; _builder_version=&#8221;4.24.3&#8243; _module_preset=&#8221;default&#8221; global_colors_info=&#8221;{}&#8221;][et_pb_text _builder_version=&#8221;4.24.3&#8243; _module_preset=&#8221;default&#8221; header_font=&#8221;boobyjones|||on|||||&#8221; header_text_color=&#8221;#ed7404&#8243; header_font_size=&#8221;2em&#8221; global_colors_info=&#8221;{}&#8221;]<\/p>\n<h1>DOCUMENTOS NECESS\u00c1RIOS<\/h1>\n<p>[\/et_pb_text][et_pb_accordion _builder_version=&#8221;4.24.3&#8243; _module_preset=&#8221;default&#8221; toggle_font=&#8221;Poppins|700|||||||&#8221; global_colors_info=&#8221;{}&#8221;][et_pb_accordion_item title=&#8221;25. Quais documentos preciso levar na matr\u00edcula?&#8221; open=&#8221;on&#8221; _builder_version=&#8221;4.24.3&#8243; _module_preset=&#8221;default&#8221; custom_margin=&#8221;||10px||false|false&#8221; global_colors_info=&#8221;{}&#8221;]<\/p>\n<p>* 3 fotos 3&#215;4 da crian\u00e7a;<br \/>* Certid\u00e3o de nascimento;<br \/>* CPF e RG da crian\u00e7a;<br \/>* CPF e RG do respons\u00e1vel;<br \/>* Comprovante de resid\u00eancia atualizado (at\u00e9 3 meses);<br \/>* Carteira de vacina\u00e7\u00e3o atualizada;<br \/>* N\u00famero do SUS;<br \/>* Hist\u00f3rico escolar (a partir do 2\u00ba ano do Fundamental);<br \/>* Comprovante de tipo sangu\u00edneo e fator RH (pode ser entregue at\u00e9 3 meses ap\u00f3s a matr\u00edcula);<br \/>* NIS, Bolsa Fam\u00edlia e\/ou Cart\u00e3o Ararib\u00f3ia, se houver;<br \/>* Termo de guarda ou autoriza\u00e7\u00e3o do Conselho Tutelar, quando for o caso;<br \/>* Laudo m\u00e9dico atualizado, se a crian\u00e7a tiver defici\u00eancia, TEA ou altas habilidades\/superdota\u00e7\u00e3o.<\/p>\n<p><strong>Lembre-se: todo o processo \u00e9 gratuito, transparente e pensado para garantir o direito de todas as crian\u00e7as e estudantes \u00e0 educa\u00e7\u00e3o p\u00fablica de qualidade no munic\u00edpio de Niter\u00f3i.<\/strong><\/p>\n<p>[\/et_pb_accordion_item][\/et_pb_accordion][\/et_pb_column][\/et_pb_row][\/et_pb_section]<\/p>\n","protected":false},"excerpt":{"rendered":"<p>FAQINFORMA\u00c7\u00d5ES GERAISPodem se inscrever crian\u00e7as e adolescentes que moram no munic\u00edpio de Niter\u00f3i e que desejam uma vaga nas Unidades Municipais de Educa\u00e7\u00e3o.A inscri\u00e7\u00e3o \u00e9 feita online, atrav\u00e9s do site, dentro do prazo informado no [cronograma anual de matr\u00edculas] divulgado pela Secretaria e pela Funda\u00e7\u00e3o Municipal de Educa\u00e7\u00e3o. No site, voc\u00ea preencher\u00e1 um formul\u00e1rio com [&hellip;]<\/p>\n","protected":false},"author":1,"featured_media":0,"parent":0,"menu_order":0,"comment_status":"closed","ping_status":"closed","template":"","meta":{"_et_pb_use_builder":"on","_et_pb_old_content":"","_et_gb_content_width":"","footnotes":""},"class_list":["post-84","page","type-page","status-publish","hentry"],"_links":{"self":[{"href":"https:\/\/niteroi.rj.gov.br\/matriculas\/wp-json\/wp\/v2\/pages\/84","targetHints":{"allow":["GET"]}}],"collection":[{"href":"https:\/\/niteroi.rj.gov.br\/matriculas\/wp-json\/wp\/v2\/pages"}],"about":[{"href":"https:\/\/niteroi.rj.gov.br\/matriculas\/wp-json\/wp\/v2\/types\/page"}],"author":[{"embeddable":true,"href":"https:\/\/niteroi.rj.gov.br\/matriculas\/wp-json\/wp\/v2\/users\/1"}],"replies":[{"embeddable":true,"href":"https:\/\/niteroi.rj.gov.br\/matriculas\/wp-json\/wp\/v2\/comments?post=84"}],"version-history":[{"count":4,"href":"https:\/\/niteroi.rj.gov.br\/matriculas\/wp-json\/wp\/v2\/pages\/84\/revisions"}],"predecessor-version":[{"id":111,"href":"https:\/\/niteroi.rj.gov.br\/matriculas\/wp-json\/wp\/v2\/pages\/84\/revisions\/111"}],"wp:attachment":[{"href":"https:\/\/niteroi.rj.gov.br\/matriculas\/wp-json\/wp\/v2\/media?parent=84"}],"curies":[{"name":"wp","href":"https:\/\/api.w.org\/{rel}","templated":true}]}}