{"id":99,"date":"2025-11-21T11:53:16","date_gmt":"2025-11-21T14:53:16","guid":{"rendered":"https:\/\/niteroi.rj.gov.br\/matriculas\/?page_id=99"},"modified":"2025-12-06T12:22:15","modified_gmt":"2025-12-06T15:22:15","slug":"datas-importantes","status":"publish","type":"page","link":"https:\/\/niteroi.rj.gov.br\/matriculas\/datas-importantes\/","title":{"rendered":"Datas Importantes"},"content":{"rendered":"<p>[et_pb_section fb_built=&#8221;1&#8243; _builder_version=&#8221;4.24.3&#8243; _module_preset=&#8221;default&#8221; global_colors_info=&#8221;{}&#8221;][et_pb_row _builder_version=&#8221;4.24.3&#8243; _module_preset=&#8221;default&#8221; global_colors_info=&#8221;{}&#8221;][et_pb_column type=&#8221;4_4&#8243; _builder_version=&#8221;4.24.3&#8243; _module_preset=&#8221;default&#8221; global_colors_info=&#8221;{}&#8221;][et_pb_text _builder_version=&#8221;4.24.3&#8243; _module_preset=&#8221;default&#8221; text_font_size=&#8221;16px&#8221; header_font=&#8221;boobyjones|||on|||||&#8221; header_text_color=&#8221;#ed7404&#8243; header_font_size=&#8221;2em&#8221; global_colors_info=&#8221;{}&#8221;]<\/p>\n<h1>Datas Importantes<\/h1>\n<p>[\/et_pb_text][et_pb_text _builder_version=&#8221;4.24.3&#8243; _module_preset=&#8221;default&#8221; header_3_font=&#8221;Poppins||||||||&#8221; header_3_text_color=&#8221;#000000&#8243; global_colors_info=&#8221;{}&#8221;]<\/p>\n<p><strong>Pr\u00e9 Matr\u00edcula Educa\u00e7\u00e3o Infantil:<\/strong><br \/>Inscri\u00e7\u00e3o de candidatos(as) para as vagas da Educa\u00e7\u00e3o Infantil &#8211; 24 a 28\/11<br \/>Resultado: 16\/12<br \/>Efetiva\u00e7\u00e3o: 17\/12 a 19\/12<\/p>\n<p><strong>Pr\u00e9 Matr\u00edcula Ensino Fundamental:<\/strong><br \/>Inscri\u00e7\u00e3o de candidatos(as) para as vagas do Ensino Fundamental: 05 a 09\/01<br \/>Resultado: 20\/01<br \/>Efetiva\u00e7\u00e3o: 21 a 23\/01<br \/>Reclassifica\u00e7\u00e3o de candidatos n\u00e3o contemplados(as) nas etapas anteriores para as vagas<br \/>remanescentes de todos os anos de escolaridade: 02\/02<br \/>Efetiva\u00e7\u00e3o: 03 a 04\/02<br \/>Etapa permanente: a partir de 25\/02<br \/>Efetiva\u00e7\u00e3o at\u00e9 5 dias \u00fateis ap\u00f3s a solicita\u00e7\u00e3o de pr\u00e9-matr\u00edcula.<\/p>\n<p>[\/et_pb_text][\/et_pb_column][\/et_pb_row][\/et_pb_section]<\/p>\n","protected":false},"excerpt":{"rendered":"<p>Datas ImportantesPr\u00e9 Matr\u00edcula Educa\u00e7\u00e3o Infantil:Inscri\u00e7\u00e3o de candidatos(as) para as vagas da Educa\u00e7\u00e3o Infantil &#8211; 24 a 28\/11Resultado: 16\/12Efetiva\u00e7\u00e3o: 17\/12 a 19\/12 Pr\u00e9 Matr\u00edcula Ensino Fundamental:Inscri\u00e7\u00e3o de candidatos(as) para as vagas do Ensino Fundamental: 05 a 09\/01Resultado: 20\/01Efetiva\u00e7\u00e3o: 21 a 23\/01Reclassifica\u00e7\u00e3o de candidatos n\u00e3o contemplados(as) nas etapas anteriores para as vagasremanescentes de todos os anos de [&hellip;]<\/p>\n","protected":false},"author":1,"featured_media":0,"parent":0,"menu_order":0,"comment_status":"closed","ping_status":"closed","template":"","meta":{"_et_pb_use_builder":"on","_et_pb_old_content":"","_et_gb_content_width":"","footnotes":""},"class_list":["post-99","page","type-page","status-publish","hentry"],"_links":{"self":[{"href":"https:\/\/niteroi.rj.gov.br\/matriculas\/wp-json\/wp\/v2\/pages\/99","targetHints":{"allow":["GET"]}}],"collection":[{"href":"https:\/\/niteroi.rj.gov.br\/matriculas\/wp-json\/wp\/v2\/pages"}],"about":[{"href":"https:\/\/niteroi.rj.gov.br\/matriculas\/wp-json\/wp\/v2\/types\/page"}],"author":[{"embeddable":true,"href":"https:\/\/niteroi.rj.gov.br\/matriculas\/wp-json\/wp\/v2\/users\/1"}],"replies":[{"embeddable":true,"href":"https:\/\/niteroi.rj.gov.br\/matriculas\/wp-json\/wp\/v2\/comments?post=99"}],"version-history":[{"count":5,"href":"https:\/\/niteroi.rj.gov.br\/matriculas\/wp-json\/wp\/v2\/pages\/99\/revisions"}],"predecessor-version":[{"id":119,"href":"https:\/\/niteroi.rj.gov.br\/matriculas\/wp-json\/wp\/v2\/pages\/99\/revisions\/119"}],"wp:attachment":[{"href":"https:\/\/niteroi.rj.gov.br\/matriculas\/wp-json\/wp\/v2\/media?parent=99"}],"curies":[{"name":"wp","href":"https:\/\/api.w.org\/{rel}","templated":true}]}}